{"id":1113,"date":"2022-10-28T14:50:28","date_gmt":"2022-10-28T14:50:28","guid":{"rendered":"https:\/\/incasadesign.com\/politica-de-privacidade\/"},"modified":"2022-11-14T15:20:52","modified_gmt":"2022-11-14T15:20:52","slug":"privacy-policy","status":"publish","type":"page","link":"https:\/\/incasadesign.com\/en\/privacy-policy\/","title":{"rendered":"Privacy Policy"},"content":{"rendered":"<p>Your privacy is important to us. It is incasas policy to respect your privacy regarding any information we may collect from you across our website, <a href=\"https:\/\/incasadesign.com\/\">incasa<\/a>, and other sites we own and\u00a0ERROR.<\/p>\n<p>We only ask for personal information when we truly need it to provide a service to you. We collect it by fair and lawful means, with your knowledge and consent. We also let you know why we\u2019re collecting it and how it will be used.<\/p>\n<p>We only retain collected information for as long as necessary to provide you with your requested service. What data we store, we\u2019ll protect within commercially acceptable means to prevent loss and theft, as well as unauthorised access, disclosure, copying, use or modification.<\/p>\n<p>We don\u2019t share any personally identifying information publicly or with third-parties, except when required to by law.<\/p>\n<p>Our website may link to external sites that are not operated by us. Please be aware that we have no control over the content and practices of these sites, and cannot accept responsibility or liability for their respective <a href=\"https:\/\/privacypolicies.in\/\">privacy policies<\/a>.<\/p>\n<p>You are free to refuse our request for your personal information, with the understanding that we may be unable to provide you with some of your desired services.<\/p>\n<p>Your continued use of our website will be regarded as acceptance of our practices around privacy and personal information. If you have any questions about how we handle user data and personal information, feel free to contact us.<\/p>\n<h2>Cookie Policy for incasa<\/h2>\n<p>This is the Cookie Policy for incasa, accessible from URL https:\/\/incasadesign.com\/.<\/p>\n<h3>What Are Cookies<\/h3>\n<p>As is common practice with almost all professional websites this site uses cookies, which are tiny files that are downloaded to your computer, to improve your experience. This page describes what information they gather, how we use it and why we sometimes need to store these cookies. We will also share how you can prevent these cookies from being stored however this may downgrade or break certain elements of the sites functionality.<\/p>\n<h3>How We Use Cookies<\/h3>\n<p>We use cookies for a variety of reasons detailed below. Unfortunately in most cases there are no industry standard options for disabling cookies without completely disabling the functionality and features they add to this site. It is recommended that you leave on all cookies if you are not sure whether you need them or not in case they are used to provide a service that you use.<\/p>\n<h3>Disabling Cookies<\/h3>\n<p>You can prevent the setting of cookies by adjusting the settings on your browser (see your browser Help for how to do this). Be aware that disabling cookies will affect the functionality of this and many other websites that you visit. Disabling cookies will usually result in also disabling certain functionality and features of this site. Therefore it is recommended that you do not disable cookies.<\/p>\n<h3>The Cookies We Set<\/h3>\n<p>&nbsp;<\/p>\n<h3>Third Party Cookies<\/h3>\n<p>In some special cases we also use cookies provided by trusted third parties. The following section details which third party cookies you might encounter through this site.<\/p>\n<p>&nbsp;<\/p>\n<p>&nbsp;<\/p>\n<p>&nbsp;<\/p>\n<h3>Users responsibilities<\/h3>\n<p>The user undertakes the responsibility to make appropriate use of the contents and information offered on the site with enunciative, but not imitative, behaviour:<\/p>\n<p>&nbsp;<\/p>\n<h3>More information<\/h3>\n<p>Hopefully that has clarified things for you and as was previously mentioned if there is something that you arent sure whether you need or not its usually safer to leave cookies enabled in case it does interact with one of the features you use on our site.<\/p>\n<p>This policy is effective as of 14 November 2022 15:18.<\/p>\n<p>Sobre a Pol\u00edtica de Privacidade e Termos de Uso<\/p>\n<p>O que \u00e9 uma Pol\u00edtica de Privacidade?<br \/>\nUma pol\u00edtica de privacidade \u00e9 um documento que explica como um website lida com toda a informa\u00e7\u00e3o coletada dos seus utilizadores e\/ou clientes. \u00c9 uma boa pr\u00e1tica dizer aos utilizadores como os sites armazenam e fazem uso desses dados.<\/p>\n<p>A Import\u00e2ncia da Pol\u00edtica de Privacidade<br \/>\nAs pol\u00edticas de privacidade podem ser exigidas por lei, dependendo de onde voc\u00ea opera. Em qualquer caso, \u00e9 uma boa pr\u00e1tica ter uma pol\u00edtica de privacidade de prote\u00e7\u00e3o de dados, especialmente se voc\u00ea colectar qualquer tipo de dados privados de seus usu\u00e1rios (por exemplo, dados de cookies, detalhes de pagamento, endere\u00e7o e n\u00famero de telefone). Al\u00e9m disso, voc\u00ea pode precisar de uma pol\u00edtica de privacidade para usar Google AdSense, APIs e servi\u00e7os de terceiros como o Instagram ou listar seu aplicativo em um mercado comercial como o Google Play. Se o seu site envolver usu\u00e1rios no Espa\u00e7o Econ\u00f3mico Europeu, voc\u00ea poder\u00e1 ser obrigado a publicar uma pol\u00edtica de privacidade em conformidade com o GDPR.<\/p>\n<p>O que s\u00e3o Termos de Uso (Termos e Condi\u00e7\u00f5es)?<br \/>\nTecnicamente, voc\u00ea n\u00e3o precisa de uma declara\u00e7\u00e3o de termos de servi\u00e7o. N\u00e3o \u00e9 exigido por lei, mas geralmente \u00e9 aconselh\u00e1vel incluir esses termos no seu site para cobrir as expectativas e acordos entre voc\u00ea e seus usu\u00e1rios.<\/p>\n<p>Algumas empresas podem at\u00e9 solicitar que voc\u00ea disponibilize uma antes que possa entrar em um relacionamento com elas. Na maioria das vezes, os propriet\u00e1rios e usu\u00e1rios do site se comportam de maneira justa e razo\u00e1vel, tornando suas informa\u00e7\u00f5es de termos e condi\u00e7\u00f5es redundantes. No entanto, em circunst\u00e2ncias incomuns, como aquelas que envolvem abuso, roubo de propriedade intelectual ou comportamento ilegal, a indica\u00e7\u00e3o expl\u00edcita dos termos e condi\u00e7\u00f5es pode oferecer prote\u00e7\u00f5es b\u00e1sicas para voc\u00ea e sua empresa, limitando sua responsabilidade e esclarecendo seus direitos sobre o conte\u00fado publicado.Sobre a Pol\u00edtica de Privacidade e Termos de Uso<\/p>\n<p>O que \u00e9 uma Pol\u00edtica de Privacidade?<br \/>\nUma pol\u00edtica de privacidade \u00e9 um documento que explica como um website lida com toda a informa\u00e7\u00e3o coletada dos seus utilizadores e\/ou clientes. \u00c9 uma boa pr\u00e1tica dizer aos utilizadores como os sites armazenam e fazem uso desses dados.<\/p>\n<p>A Import\u00e2ncia da Pol\u00edtica de Privacidade<br \/>\nAs pol\u00edticas de privacidade podem ser exigidas por lei, dependendo de onde voc\u00ea opera. Em qualquer caso, \u00e9 uma boa pr\u00e1tica ter uma pol\u00edtica de privacidade de prote\u00e7\u00e3o de dados, especialmente se voc\u00ea colectar qualquer tipo de dados privados de seus usu\u00e1rios (por exemplo, dados de cookies, detalhes de pagamento, endere\u00e7o e n\u00famero de telefone). Al\u00e9m disso, voc\u00ea pode precisar de uma pol\u00edtica de privacidade para usar Google AdSense, APIs e servi\u00e7os de terceiros como o Instagram ou listar seu aplicativo em um mercado comercial como o Google Play. Se o seu site envolver usu\u00e1rios no Espa\u00e7o Econ\u00f3mico Europeu, voc\u00ea poder\u00e1 ser obrigado a publicar uma pol\u00edtica de privacidade em conformidade com o GDPR.<\/p>\n<p>O que s\u00e3o Termos de Uso (Termos e Condi\u00e7\u00f5es)?<br \/>\nTecnicamente, voc\u00ea n\u00e3o precisa de uma declara\u00e7\u00e3o de termos de servi\u00e7o. N\u00e3o \u00e9 exigido por lei, mas geralmente \u00e9 aconselh\u00e1vel incluir esses termos no seu site para cobrir as expectativas e acordos entre voc\u00ea e seus usu\u00e1rios.<\/p>\n<p>Algumas empresas podem at\u00e9 solicitar que voc\u00ea disponibilize uma antes que possa entrar em um relacionamento com elas. Na maioria das vezes, os propriet\u00e1rios e usu\u00e1rios do site se comportam de maneira justa e razo\u00e1vel, tornando suas informa\u00e7\u00f5es de termos e condi\u00e7\u00f5es redundantes. No entanto, em circunst\u00e2ncias incomuns, como aquelas que envolvem abuso, roubo de propriedade intelectual ou comportamento ilegal, a indica\u00e7\u00e3o expl\u00edcita dos termos e condi\u00e7\u00f5es pode oferecer prote\u00e7\u00f5es b\u00e1sicas para voc\u00ea e sua empresa, limitando sua responsabilidade e esclarecendo seus direitos sobre o conte\u00fado publicado.<\/p>\n<p>Sobre N\u00f3s<\/p>\n<p>O que \u00e9 o PoliticaPrivacidade.com?<br \/>\nPoliticaPrivacidade.com \u00e9 um gerador de pol\u00edticas de privacidade e termos de uso (tamb\u00e9m conhecido como termos e condi\u00e7\u00f5es) em lingua portuguesa (Portugal e Brasil) e inglesa totalmente gratuito e gerados em segundos.<\/p>\n<p>Quer seja para um loja em Shopify ou para um blog em WordPress, geramos simples pol\u00edticas de privacidade e termos de uso, prontos a adaptar para as suas necessidade.<\/p>\n<p>Tudo o que \u00e9 gerado atrav\u00e9s do PoliticaPrivacidade.com pode ser usado sem qualquer tipo de cr\u00e9dito ou liga\u00e7\u00e3o. Altere livremente o conte\u00fado adaptando \u00e0 sua necessidade.<\/p>\n<p>O PoliticaPrivacidade.com n\u00e3o assume qualquer tipo responsabilidade do uso do conte\u00fado nele gerado em website de terceiros. Relembramos que ao gerar e usar a Pol\u00edtica de Privacidade e os Termos de Uso atrav\u00e9s do nosso site, n\u00e3o prescinde de aconselhamento legal para adaptar \u00e0 sua pr\u00e1tica de neg\u00f3cio.<\/p>\n<p>Tem custos? Quanto Tempo Demora?<br \/>\nN\u00e3o. \u00c9 totalmente gratuito e em menos de 10 segundos consegue gerar uma pol\u00edtica de privacidade e termos de uso (termos e condi\u00e7\u00f5es).<\/p>\n<p>Que sites geraram aqui uma Pol\u00edtica de Privacidade?<br \/>\nVariad\u00edssimos sites reconhecidos usaram o nosso gerador para criar a sua pol\u00edtica de privacidade. Desde sites sobre Investir em Criptomoedas, Jogos de Hoje, Insper, e at\u00e9 Universidades como Universidade de Minas Gerais, Faculdade Teol\u00f3gica Sul Americana s\u00e3o apenas alguns da enorme lista.<\/p>\n<p>Frequently Asked Questions<br \/>\nPoliticaPrivacidade | Todos os Direitos Reservados | 2011-2022 | Digital Solutions Media<\/p>\n","protected":false},"excerpt":{"rendered":"<p>Your privacy is important to us. It is incasas policy to respect your privacy regarding any information we may collect from you across our website, incasa, and other sites we own and\u00a0ERROR. We only ask for personal information when we truly need it to provide a service to you. We collect it by fair and [&hellip;]<\/p>\n","protected":false},"author":2,"featured_media":0,"parent":0,"menu_order":0,"comment_status":"closed","ping_status":"closed","template":"","meta":{"footnotes":""},"class_list":["post-1113","page","type-page","status-publish","hentry"],"acf":[],"_links":{"self":[{"href":"https:\/\/incasadesign.com\/en\/wp-json\/wp\/v2\/pages\/1113","targetHints":{"allow":["GET"]}}],"collection":[{"href":"https:\/\/incasadesign.com\/en\/wp-json\/wp\/v2\/pages"}],"about":[{"href":"https:\/\/incasadesign.com\/en\/wp-json\/wp\/v2\/types\/page"}],"author":[{"embeddable":true,"href":"https:\/\/incasadesign.com\/en\/wp-json\/wp\/v2\/users\/2"}],"replies":[{"embeddable":true,"href":"https:\/\/incasadesign.com\/en\/wp-json\/wp\/v2\/comments?post=1113"}],"version-history":[{"count":2,"href":"https:\/\/incasadesign.com\/en\/wp-json\/wp\/v2\/pages\/1113\/revisions"}],"predecessor-version":[{"id":1115,"href":"https:\/\/incasadesign.com\/en\/wp-json\/wp\/v2\/pages\/1113\/revisions\/1115"}],"wp:attachment":[{"href":"https:\/\/incasadesign.com\/en\/wp-json\/wp\/v2\/media?parent=1113"}],"curies":[{"name":"wp","href":"https:\/\/api.w.org\/{rel}","templated":true}]}}